{"id":86,"date":"2025-10-04T16:52:01","date_gmt":"2025-10-04T16:52:01","guid":{"rendered":"https:\/\/lesamisduparcdupilat.fr\/?page_id=86"},"modified":"2025-12-06T09:48:57","modified_gmt":"2025-12-06T09:48:57","slug":"les-dates-dans-le-parc-du-pilat","status":"publish","type":"page","link":"https:\/\/lesamisduparcdupilat.fr\/index.php\/les-dates-dans-le-parc-du-pilat\/","title":{"rendered":"Les dates dans le parc"},"content":{"rendered":"\n<p><strong><a href=\"https:\/\/www.pilat-tourisme.fr\/sites\/pilat-tourisme\/files\/brochures\/files\/agenda_novembre_2025.pdf\">D\u00e9cembre 2025<\/a><\/strong><\/p>\n\n\n\n<p><strong>samedi 13 novembre 2025, \u00e0 15h, \u00e0 P\u00e9lussin, Conf\u00e9rence <\/strong>sur la Valencize de P\u00e9lussin \u00e0 Chavanay dans la salle Denise Eparvier<\/p>\n\n\n\n<p><strong><a href=\"https:\/\/www.pilat-tourisme.fr\/sites\/pilat-tourisme\/files\/brochures\/files\/agenda_novembre_2025.pdf\">Novembre 2025<\/a><\/strong><\/p>\n\n\n\n<p><strong>samedi 29 novembre 2025, \u00e0 16h, \u00e0 Roisey, <\/strong>Conf\u00e9rence sur l\u2019architecture lithique de l\u2019eau (association les Pierres et des Hommes)  dans la salle Porte Ouverte \u00e0 Roisey.<\/p>\n\n\n\n<p><strong>samedi 29 novembre 2025, \u00e0 9h30, \u00e0 Roisey<\/strong>, Assembl\u00e9e g\u00e9n\u00e9rale de l&rsquo;association les Pierres et des Hommes)<\/p>\n\n\n\n<p><strong>Dimanche 17 novembre, \u00e0 Roisey,<\/strong>  F\u00eate du livre<\/p>\n\n\n\n<p><strong>Samedi 16 novembre, \u00e0 la Chapelle Villars,<\/strong> Conf\u00e9rence (Association visages de notre Pilat)<\/p>\n\n\n\n<p><strong>Mardi 11 novembre, \u00e0 P\u00e9lussin,<\/strong>  F\u00eate de la pomme <\/p>\n\n\n\n<p><strong><a href=\"https:\/\/www.pilat-tourisme.fr\/sites\/pilat-tourisme\/files\/brochures\/files\/agenda_pilat_octobre_2025.pdf\">Octobre 2025<\/a><\/strong><\/p>\n\n\n\n<p><strong>Samedi 18 octobre \u00e0 partir de 18h, \u00e0 Saint-Sauveur-en-rue,<\/strong> soir\u00e9e festive, chaleureuse et pleine de sens autour du th\u00e8me : \u00ab\u00a0Vivre ici, c\u2019est pas banal !\u00a0\u00bb  lien : <a href=\"https:\/\/superrural.fr\/\">https:\/\/superrural.fr\/<\/a><\/p>\n\n\n\n<p><strong>Vendredi 17 octobre \u00e0 17h, \u00e0 P\u00e9lussin<\/strong>, soir\u00e9e d\u00e9di\u00e9e \u00ab\u00a0le confort d\u2019\u00e9t\u00e9 dans les b\u00e2timents\u00a0\u00bb \u00e0 la maison du Parc.&nbsp;<\/p>\n\n\n\n<p><strong>Jeudi 16 octobre \u00e0 20h30, \u00e0 V\u00e9rin<\/strong> \u00ab\u00a0projection du film \u00ab\u00a0Ceux qui nous nourrissent\u00a0\u00bb&nbsp;r\u00e9alis\u00e9 avec 26 agriculteurs de la Loire&nbsp;<\/p>\n\n\n\n<p><strong>Dimanche 12 octobre, \u00e0 P\u00e9lussin,<\/strong> \u00ab&nbsp;Vent de Bio fait la foire&nbsp;\u00bb, grand march\u00e9 bio, ateliers, jeux, musique, conf\u00e9rences et projection de films&nbsp;<\/p>\n\n\n\n<p><strong>Dimanche 5 octobre, \u00e0 Saint-Genest-Malifaux,<\/strong>  F\u00eate de l\u2019Alimentation, organis\u00e9e par la Communaut\u00e9 de communes des Monts du Pilat .<\/p>\n\n\n\n<p><\/p>\n","protected":false},"excerpt":{"rendered":"<p>D\u00e9cembre 2025 samedi 13 novembre 2025, \u00e0 15h, \u00e0 P\u00e9lussin, Conf\u00e9rence sur la Valencize de P\u00e9lussin \u00e0 Chavanay dans la salle Denise Eparvier Novembre 2025 samedi 29 novembre 2025, \u00e0 16h, \u00e0 Roisey, Conf\u00e9rence sur l\u2019architecture lithique de l\u2019eau (association les Pierres et des Hommes) dans la salle Porte Ouverte \u00e0 Roisey. samedi 29 novembre 2025, \u00e0 9h30, \u00e0 Roisey, [&hellip;]<\/p>\n","protected":false},"author":4,"featured_media":0,"parent":0,"menu_order":0,"comment_status":"closed","ping_status":"closed","template":"","meta":{"footnotes":""},"class_list":["post-86","page","type-page","status-publish","hentry"],"_links":{"self":[{"href":"https:\/\/lesamisduparcdupilat.fr\/index.php\/wp-json\/wp\/v2\/pages\/86","targetHints":{"allow":["GET"]}}],"collection":[{"href":"https:\/\/lesamisduparcdupilat.fr\/index.php\/wp-json\/wp\/v2\/pages"}],"about":[{"href":"https:\/\/lesamisduparcdupilat.fr\/index.php\/wp-json\/wp\/v2\/types\/page"}],"author":[{"embeddable":true,"href":"https:\/\/lesamisduparcdupilat.fr\/index.php\/wp-json\/wp\/v2\/users\/4"}],"replies":[{"embeddable":true,"href":"https:\/\/lesamisduparcdupilat.fr\/index.php\/wp-json\/wp\/v2\/comments?post=86"}],"version-history":[{"count":11,"href":"https:\/\/lesamisduparcdupilat.fr\/index.php\/wp-json\/wp\/v2\/pages\/86\/revisions"}],"predecessor-version":[{"id":377,"href":"https:\/\/lesamisduparcdupilat.fr\/index.php\/wp-json\/wp\/v2\/pages\/86\/revisions\/377"}],"wp:attachment":[{"href":"https:\/\/lesamisduparcdupilat.fr\/index.php\/wp-json\/wp\/v2\/media?parent=86"}],"curies":[{"name":"wp","href":"https:\/\/api.w.org\/{rel}","templated":true}]}}