{"id":450,"date":"2025-12-16T20:54:33","date_gmt":"2025-12-16T20:54:33","guid":{"rendered":"https:\/\/lesamisduparcdupilat.fr\/?page_id=450"},"modified":"2025-12-16T20:59:24","modified_gmt":"2025-12-16T20:59:24","slug":"le-fleuve-rhone","status":"publish","type":"page","link":"https:\/\/lesamisduparcdupilat.fr\/index.php\/le-fleuve-rhone\/","title":{"rendered":"Le fleuve Rh\u00f4ne"},"content":{"rendered":"\n<p><a href=\"https:\/\/www.iledubeurre.org\/\">Ile du Beurre<\/a><\/p>\n\n\n\n<h2 class=\"wp-block-heading\">Restauration du fleuve Rh\u00f4ne<\/h2>\n\n\n\n<p><a href=\"https:\/\/www.cnr.tm.fr\/ingenierie\/restauration-ecologique-du-rhone\/\">Restauration \u00e9cologique du Rh\u00f4ne<\/a>   (<a href=\"https:\/\/www.cnr.tm.fr\/wp-content\/uploads\/2024\/07\/RER_PLAQUETTE.pdf\">t\u00e9l\u00e9chargement de la plaquette<\/a>)<\/p>\n\n\n\n<figure class=\"wp-block-embed is-type-video is-provider-youtube wp-block-embed-youtube wp-embed-aspect-16-9 wp-has-aspect-ratio\"><div class=\"wp-block-embed__wrapper\">\n<iframe loading=\"lazy\" title=\"Restauration \u00e9cologique du fleuve Rh\u00f4ne\" width=\"640\" height=\"360\" src=\"https:\/\/www.youtube.com\/embed\/VCeTtJFiK8Y?feature=oembed\" frameborder=\"0\" allow=\"accelerometer; autoplay; clipboard-write; encrypted-media; gyroscope; picture-in-picture; web-share\" referrerpolicy=\"strict-origin-when-cross-origin\" allowfullscreen><\/iframe>\n<\/div><\/figure>\n\n\n\n<p><\/p>\n\n\n\n<figure class=\"wp-block-embed is-type-video is-provider-youtube wp-block-embed-youtube wp-embed-aspect-16-9 wp-has-aspect-ratio\"><div class=\"wp-block-embed__wrapper\">\n<iframe loading=\"lazy\" title=\"Restauration \u00e9cologique du fleuve #CNRh\u00f4ne\" width=\"640\" height=\"360\" src=\"https:\/\/www.youtube.com\/embed\/ioeWKn5e9Z0?feature=oembed\" frameborder=\"0\" allow=\"accelerometer; autoplay; clipboard-write; encrypted-media; gyroscope; picture-in-picture; web-share\" referrerpolicy=\"strict-origin-when-cross-origin\" allowfullscreen><\/iframe>\n<\/div><\/figure>\n\n\n\n<p>Journ\u00e9e Restauration du Rh\u00f4ne du 23\/11\/21<\/p>\n\n\n\n<figure class=\"wp-block-embed is-type-video is-provider-youtube wp-block-embed-youtube wp-embed-aspect-16-9 wp-has-aspect-ratio\"><div class=\"wp-block-embed__wrapper\">\n<iframe loading=\"lazy\" title=\"Journ\u00e9e Restauration du Rh\u00f4ne du 23\/11\/21 - Premi\u00e8re partie\" width=\"640\" height=\"360\" src=\"https:\/\/www.youtube.com\/embed\/598f7MIAjyE?feature=oembed\" frameborder=\"0\" allow=\"accelerometer; autoplay; clipboard-write; encrypted-media; gyroscope; picture-in-picture; web-share\" referrerpolicy=\"strict-origin-when-cross-origin\" allowfullscreen><\/iframe>\n<\/div><\/figure>\n\n\n\n<figure class=\"wp-block-embed is-type-video is-provider-youtube wp-block-embed-youtube wp-embed-aspect-16-9 wp-has-aspect-ratio\"><div class=\"wp-block-embed__wrapper\">\n<iframe loading=\"lazy\" title=\"Journ\u00e9e Restauration du Rh\u00f4ne du 23\/11\/21 - Deuxi\u00e8me partie\" width=\"640\" height=\"360\" src=\"https:\/\/www.youtube.com\/embed\/3mE3BHSipDM?feature=oembed\" frameborder=\"0\" allow=\"accelerometer; autoplay; clipboard-write; encrypted-media; gyroscope; picture-in-picture; web-share\" referrerpolicy=\"strict-origin-when-cross-origin\" allowfullscreen><\/iframe>\n<\/div><\/figure>\n","protected":false},"excerpt":{"rendered":"<p>Ile du Beurre Restauration du fleuve Rh\u00f4ne Restauration \u00e9cologique du Rh\u00f4ne (t\u00e9l\u00e9chargement de la plaquette) Journ\u00e9e Restauration du Rh\u00f4ne du 23\/11\/21<\/p>\n","protected":false},"author":4,"featured_media":0,"parent":0,"menu_order":0,"comment_status":"closed","ping_status":"closed","template":"","meta":{"footnotes":""},"class_list":["post-450","page","type-page","status-publish","hentry"],"_links":{"self":[{"href":"https:\/\/lesamisduparcdupilat.fr\/index.php\/wp-json\/wp\/v2\/pages\/450","targetHints":{"allow":["GET"]}}],"collection":[{"href":"https:\/\/lesamisduparcdupilat.fr\/index.php\/wp-json\/wp\/v2\/pages"}],"about":[{"href":"https:\/\/lesamisduparcdupilat.fr\/index.php\/wp-json\/wp\/v2\/types\/page"}],"author":[{"embeddable":true,"href":"https:\/\/lesamisduparcdupilat.fr\/index.php\/wp-json\/wp\/v2\/users\/4"}],"replies":[{"embeddable":true,"href":"https:\/\/lesamisduparcdupilat.fr\/index.php\/wp-json\/wp\/v2\/comments?post=450"}],"version-history":[{"count":2,"href":"https:\/\/lesamisduparcdupilat.fr\/index.php\/wp-json\/wp\/v2\/pages\/450\/revisions"}],"predecessor-version":[{"id":454,"href":"https:\/\/lesamisduparcdupilat.fr\/index.php\/wp-json\/wp\/v2\/pages\/450\/revisions\/454"}],"wp:attachment":[{"href":"https:\/\/lesamisduparcdupilat.fr\/index.php\/wp-json\/wp\/v2\/media?parent=450"}],"curies":[{"name":"wp","href":"https:\/\/api.w.org\/{rel}","templated":true}]}}