{"id":426,"date":"2025-12-06T11:30:44","date_gmt":"2025-12-06T11:30:44","guid":{"rendered":"https:\/\/lesamisduparcdupilat.fr\/?page_id=426"},"modified":"2025-12-06T11:35:42","modified_gmt":"2025-12-06T11:35:42","slug":"les-autres-parcs-regionaux","status":"publish","type":"page","link":"https:\/\/lesamisduparcdupilat.fr\/index.php\/les-autres-parcs-regionaux\/","title":{"rendered":"Les autres parcs r\u00e9gionaux"},"content":{"rendered":"\n<p><a href=\"https:\/\/www.parcs-naturels-regionaux.fr\/\">Site Web de la f\u00e9d\u00e9ration des parcs r\u00e9gionaux<\/a><\/p>\n\n\n\n<p><a href=\"https:\/\/www.parcs-naturels-regionaux.fr\/les-parcs\/decouvrir-les-59-parcs\/parc-naturel-regional-des-alpilles\"><\/a><\/p>\n\n\n\n<ul class=\"wp-block-list\">\n<li><a href=\"https:\/\/www.parcs-naturels-regionaux.fr\/les-parcs\/decouvrir-les-59-parcs\/parc-naturel-regional-des-alpilles\">Alpilles<\/a><a href=\"https:\/\/www.parcs-naturels-regionaux.fr\/les-parcs\/decouvrir-les-58-parcs\/parc-naturel-regional-des-ardennes\"><\/a><\/li>\n\n\n\n<li><a href=\"https:\/\/www.parcs-naturels-regionaux.fr\/les-parcs\/decouvrir-les-58-parcs\/parc-naturel-regional-des-ardennes\">Ardennes<\/a><a href=\"https:\/\/www.parcs-naturels-regionaux.fr\/les-parcs\/decouvrir-les-58-parcs\/parc-naturel-regional-darmorique\"><\/a><\/li>\n\n\n\n<li><a href=\"https:\/\/www.parcs-naturels-regionaux.fr\/les-parcs\/decouvrir-les-58-parcs\/parc-naturel-regional-darmorique\">Armorique<\/a><a href=\"https:\/\/www.parcs-naturels-regionaux.fr\/les-parcs\/decouvrir-les-58-parcs\/parc-naturel-regional-de-laubrac\"><\/a><\/li>\n\n\n\n<li><a href=\"https:\/\/www.parcs-naturels-regionaux.fr\/les-parcs\/decouvrir-les-58-parcs\/parc-naturel-regional-de-laubrac\">Aubrac<\/a><a href=\"https:\/\/www.parcs-naturels-regionaux.fr\/les-parcs\/decouvrir-les-58-parcs\/parc-naturel-regional-de-lavesnois\"><\/a><\/li>\n\n\n\n<li><a href=\"https:\/\/www.parcs-naturels-regionaux.fr\/les-parcs\/decouvrir-les-58-parcs\/parc-naturel-regional-de-lavesnois\">Avesnois<\/a><a href=\"https:\/\/www.parcs-naturels-regionaux.fr\/les-parcs\/decouvrir-les-58-parcs\/parc-naturel-regional-baie-de-somme-picardie-maritime\"><\/a><\/li>\n\n\n\n<li><a href=\"https:\/\/www.parcs-naturels-regionaux.fr\/les-parcs\/decouvrir-les-58-parcs\/parc-naturel-regional-baie-de-somme-picardie-maritime\">Baie de Somme Picardie Maritime<\/a><a href=\"https:\/\/www.parcs-naturels-regionaux.fr\/les-parcs\/decouvrir-les-58-parcs\/parc-naturel-regional-des-ballons-des-vosges\"><\/a><\/li>\n\n\n\n<li><a href=\"https:\/\/www.parcs-naturels-regionaux.fr\/les-parcs\/decouvrir-les-58-parcs\/parc-naturel-regional-des-ballons-des-vosges\">Ballons des Vosges<\/a><a href=\"https:\/\/www.parcs-naturels-regionaux.fr\/les-parcs\/decouvrir-les-58-parcs\/parc-naturel-regional-des-baronnies-provencales\"><\/a><\/li>\n\n\n\n<li><a href=\"https:\/\/www.parcs-naturels-regionaux.fr\/les-parcs\/decouvrir-les-58-parcs\/parc-naturel-regional-des-baronnies-provencales\">Baronnies proven\u00e7ales<\/a><a href=\"https:\/\/www.parcs-naturels-regionaux.fr\/les-parcs\/decouvrir-les-58-parcs\/parc-naturel-regional-des-boucles-de-la-seine-normande\"><\/a><\/li>\n\n\n\n<li><a href=\"https:\/\/www.parcs-naturels-regionaux.fr\/les-parcs\/decouvrir-les-58-parcs\/parc-naturel-regional-des-boucles-de-la-seine-normande\">Boucles de la Seine normande<\/a><a href=\"https:\/\/www.parcs-naturels-regionaux.fr\/les-parcs\/decouvrir-les-58-parcs\/parc-naturel-regional-de-la-brenne\"><\/a><\/li>\n\n\n\n<li><a href=\"https:\/\/www.parcs-naturels-regionaux.fr\/les-parcs\/decouvrir-les-58-parcs\/parc-naturel-regional-de-la-brenne\">Brenne<\/a><a href=\"https:\/\/www.parcs-naturels-regionaux.fr\/les-parcs\/decouvrir-les-58-parcs\/parc-naturel-regional-de-briere\"><\/a><\/li>\n\n\n\n<li><a href=\"https:\/\/www.parcs-naturels-regionaux.fr\/les-parcs\/decouvrir-les-58-parcs\/parc-naturel-regional-de-briere\">Bri\u00e8re<\/a><a href=\"https:\/\/www.parcs-naturels-regionaux.fr\/les-parcs\/decouvrir-les-58-parcs\/parc-naturel-regional-de-camargue\"><\/a><\/li>\n\n\n\n<li><a href=\"https:\/\/www.parcs-naturels-regionaux.fr\/les-parcs\/decouvrir-les-58-parcs\/parc-naturel-regional-de-camargue\">Camargue<\/a><a href=\"https:\/\/www.parcs-naturels-regionaux.fr\/les-parcs\/decouvrir-les-58-parcs\/parc-naturel-regional-des-caps-et-marais-dopale\"><\/a><\/li>\n\n\n\n<li><a href=\"https:\/\/www.parcs-naturels-regionaux.fr\/les-parcs\/decouvrir-les-58-parcs\/parc-naturel-regional-des-caps-et-marais-dopale\">Caps et Marais d&rsquo;Opale<\/a><a href=\"https:\/\/www.parcs-naturels-regionaux.fr\/les-parcs\/decouvrir-les-59-parcs\/parc-naturel-regional-des-causses-du-quercy\"><\/a><\/li>\n\n\n\n<li><a href=\"https:\/\/www.parcs-naturels-regionaux.fr\/les-parcs\/decouvrir-les-59-parcs\/parc-naturel-regional-des-causses-du-quercy\">Causses du Quercy<\/a><a href=\"https:\/\/www.parcs-naturels-regionaux.fr\/les-parcs\/decouvrir-les-58-parcs\/parc-naturel-regional-de-chartreuse\"><\/a><\/li>\n\n\n\n<li><a href=\"https:\/\/www.parcs-naturels-regionaux.fr\/les-parcs\/decouvrir-les-58-parcs\/parc-naturel-regional-de-chartreuse\">Chartreuse<\/a><a href=\"https:\/\/www.parcs-naturels-regionaux.fr\/les-parcs\/decouvrir-les-58-parcs\/parc-naturel-regional-corbieres-fenouilledes\"><\/a><\/li>\n\n\n\n<li><a href=\"https:\/\/www.parcs-naturels-regionaux.fr\/les-parcs\/decouvrir-les-58-parcs\/parc-naturel-regional-corbieres-fenouilledes\">Corbi\u00e8res-Fenouill\u00e8des<\/a><a href=\"https:\/\/www.parcs-naturels-regionaux.fr\/les-parcs\/decouvrir-les-58-parcs\/parc-naturel-regional-de-corse-parcu-di-corsica\"><\/a><\/li>\n\n\n\n<li><a href=\"https:\/\/www.parcs-naturels-regionaux.fr\/les-parcs\/decouvrir-les-58-parcs\/parc-naturel-regional-de-corse-parcu-di-corsica\">Corse<\/a><a href=\"https:\/\/www.parcs-naturels-regionaux.fr\/les-parcs\/decouvrir-les-58-parcs\/parc-naturel-regional-du-doubs-horloger\"><\/a><\/li>\n\n\n\n<li><a href=\"https:\/\/www.parcs-naturels-regionaux.fr\/les-parcs\/decouvrir-les-58-parcs\/parc-naturel-regional-du-doubs-horloger\">Doubs-Horloger<\/a><a href=\"https:\/\/www.parcs-naturels-regionaux.fr\/les-parcs\/decouvrir-les-58-parcs\/parc-naturel-regional-de-la-foret-dorient\"><\/a><\/li>\n\n\n\n<li><a href=\"https:\/\/www.parcs-naturels-regionaux.fr\/les-parcs\/decouvrir-les-58-parcs\/parc-naturel-regional-de-la-foret-dorient\">For\u00eat d&rsquo;Orient<\/a><a href=\"https:\/\/www.parcs-naturels-regionaux.fr\/les-parcs\/decouvrir-les-58-parcs\/parc-naturel-regional-du-gatinais-francais\"><\/a><\/li>\n\n\n\n<li><a href=\"https:\/\/www.parcs-naturels-regionaux.fr\/les-parcs\/decouvrir-les-58-parcs\/parc-naturel-regional-du-gatinais-francais\">G\u00e2tinais fran\u00e7ais<\/a><a href=\"https:\/\/www.parcs-naturels-regionaux.fr\/les-parcs\/decouvrir-les-58-parcs\/parc-naturel-regional-du-golfe-du-morbihan\"><\/a><\/li>\n\n\n\n<li><a href=\"https:\/\/www.parcs-naturels-regionaux.fr\/les-parcs\/decouvrir-les-58-parcs\/parc-naturel-regional-du-golfe-du-morbihan\">Golfe du Morbihan<\/a><a href=\"https:\/\/www.parcs-naturels-regionaux.fr\/les-parcs\/decouvrir-les-59-parcs\/parc-naturel-regional-des-grands-causses\"><\/a><\/li>\n\n\n\n<li><a href=\"https:\/\/www.parcs-naturels-regionaux.fr\/les-parcs\/decouvrir-les-59-parcs\/parc-naturel-regional-des-grands-causses\">Grands Causses<\/a><a href=\"https:\/\/www.parcs-naturels-regionaux.fr\/les-parcs\/decouvrir-les-58-parcs\/parc-naturel-regional-de-la-guyane\"><\/a><\/li>\n\n\n\n<li><a href=\"https:\/\/www.parcs-naturels-regionaux.fr\/les-parcs\/decouvrir-les-58-parcs\/parc-naturel-regional-de-la-guyane\">Guyane<\/a><a href=\"https:\/\/www.parcs-naturels-regionaux.fr\/les-parcs\/decouvrir-les-58-parcs\/parc-naturel-regional-du-haut-jura\"><\/a><\/li>\n\n\n\n<li><a href=\"https:\/\/www.parcs-naturels-regionaux.fr\/les-parcs\/decouvrir-les-58-parcs\/parc-naturel-regional-du-haut-jura\">Haut-Jura<\/a><a href=\"https:\/\/www.parcs-naturels-regionaux.fr\/les-parcs\/decouvrir-les-58-parcs\/parc-naturel-regional-du-haut-languedoc\"><\/a><\/li>\n\n\n\n<li><a href=\"https:\/\/www.parcs-naturels-regionaux.fr\/les-parcs\/decouvrir-les-58-parcs\/parc-naturel-regional-du-haut-languedoc\">Haut-Languedoc<\/a><a href=\"https:\/\/www.parcs-naturels-regionaux.fr\/les-parcs\/decouvrir-les-58-parcs\/parc-naturel-regional-de-la-haute-vallee-de-chevreuse\"><\/a><\/li>\n\n\n\n<li><a href=\"https:\/\/www.parcs-naturels-regionaux.fr\/les-parcs\/decouvrir-les-58-parcs\/parc-naturel-regional-de-la-haute-vallee-de-chevreuse\">Haute Vall\u00e9e de Chevreuse<\/a><a href=\"https:\/\/www.parcs-naturels-regionaux.fr\/les-parcs\/decouvrir-les-58-parcs\/parc-naturel-regional-des-landes-de-gascogne\"><\/a><\/li>\n\n\n\n<li><a href=\"https:\/\/www.parcs-naturels-regionaux.fr\/les-parcs\/decouvrir-les-58-parcs\/parc-naturel-regional-des-landes-de-gascogne\">Landes de Gascogne<\/a><a href=\"https:\/\/www.parcs-naturels-regionaux.fr\/les-parcs\/decouvrir-les-58-parcs\/parc-naturel-regional-livradois-forez\"><\/a><\/li>\n\n\n\n<li><a href=\"https:\/\/www.parcs-naturels-regionaux.fr\/les-parcs\/decouvrir-les-58-parcs\/parc-naturel-regional-livradois-forez\">Livradois-Forez<\/a><a href=\"https:\/\/www.parcs-naturels-regionaux.fr\/les-parcs\/decouvrir-les-58-parcs\/parc-naturel-regional-loire-anjou-touraine\"><\/a><\/li>\n\n\n\n<li><a href=\"https:\/\/www.parcs-naturels-regionaux.fr\/les-parcs\/decouvrir-les-58-parcs\/parc-naturel-regional-loire-anjou-touraine\">Loire-Anjou-Touraine<\/a><a href=\"https:\/\/www.parcs-naturels-regionaux.fr\/les-parcs\/decouvrir-les-58-parcs\/parc-naturel-regional-de-lorraine\"><\/a><\/li>\n\n\n\n<li><a href=\"https:\/\/www.parcs-naturels-regionaux.fr\/les-parcs\/decouvrir-les-58-parcs\/parc-naturel-regional-de-lorraine\">Lorraine<\/a><a href=\"https:\/\/www.parcs-naturels-regionaux.fr\/les-parcs\/decouvrir-les-58-parcs\/parc-naturel-regional-du-luberon\"><\/a><\/li>\n\n\n\n<li><a href=\"https:\/\/www.parcs-naturels-regionaux.fr\/les-parcs\/decouvrir-les-58-parcs\/parc-naturel-regional-du-luberon\">Luberon<\/a><a href=\"https:\/\/www.parcs-naturels-regionaux.fr\/les-parcs\/decouvrir-les-58-parcs\/parc-naturel-regional-des-marais-du-cotentin-et-du-bessin\"><\/a><\/li>\n\n\n\n<li><a href=\"https:\/\/www.parcs-naturels-regionaux.fr\/les-parcs\/decouvrir-les-58-parcs\/parc-naturel-regional-des-marais-du-cotentin-et-du-bessin\">Marais du Cotentin et du Bessin<\/a><a href=\"https:\/\/www.parcs-naturels-regionaux.fr\/les-parcs\/parc-naturel-regional-du-marais-poitevin\"><\/a><\/li>\n\n\n\n<li><a href=\"https:\/\/www.parcs-naturels-regionaux.fr\/les-parcs\/parc-naturel-regional-du-marais-poitevin\">Marais poitevin<\/a><a href=\"https:\/\/www.parcs-naturels-regionaux.fr\/les-parcs\/decouvrir-les-58-parcs\/parc-naturel-regional-de-la-martinique\"><\/a><\/li>\n\n\n\n<li><a href=\"https:\/\/www.parcs-naturels-regionaux.fr\/les-parcs\/decouvrir-les-58-parcs\/parc-naturel-regional-de-la-martinique\">Martinique<\/a><a href=\"https:\/\/www.parcs-naturels-regionaux.fr\/les-parcs\/decouvrir-les-58-parcs\/parc-naturel-regional-du-massif-des-bauges\"><\/a><\/li>\n\n\n\n<li><a href=\"https:\/\/www.parcs-naturels-regionaux.fr\/les-parcs\/decouvrir-les-58-parcs\/parc-naturel-regional-du-massif-des-bauges\">Massif des Bauges<\/a><a href=\"https:\/\/www.parcs-naturels-regionaux.fr\/les-parcs\/decouvrir-les-58-parcs\/parc-naturel-regional-medoc\"><\/a><\/li>\n\n\n\n<li><a href=\"https:\/\/www.parcs-naturels-regionaux.fr\/les-parcs\/decouvrir-les-58-parcs\/parc-naturel-regional-medoc\">M\u00e9doc<\/a><a href=\"https:\/\/www.parcs-naturels-regionaux.fr\/les-parcs\/decouvrir-les-58-parcs\/parc-naturel-regional-de-millevaches-en-limousin\"><\/a><\/li>\n\n\n\n<li><a href=\"https:\/\/www.parcs-naturels-regionaux.fr\/les-parcs\/decouvrir-les-58-parcs\/parc-naturel-regional-de-millevaches-en-limousin\">Millevaches en Limousin<\/a><a href=\"https:\/\/www.parcs-naturels-regionaux.fr\/les-parcs\/decouvrir-les-58-parcs\/parc-naturel-regional-du-mont-ventoux\"><\/a><\/li>\n\n\n\n<li><a href=\"https:\/\/www.parcs-naturels-regionaux.fr\/les-parcs\/decouvrir-les-58-parcs\/parc-naturel-regional-du-mont-ventoux\">Mont-Ventoux<\/a><a href=\"https:\/\/www.parcs-naturels-regionaux.fr\/les-parcs\/decouvrir-les-58-parcs\/parc-naturel-regional-de-la-montagne-de-reims\"><\/a><\/li>\n\n\n\n<li><a href=\"https:\/\/www.parcs-naturels-regionaux.fr\/les-parcs\/decouvrir-les-58-parcs\/parc-naturel-regional-de-la-montagne-de-reims\">Montagne de Reims<\/a><a href=\"https:\/\/www.parcs-naturels-regionaux.fr\/les-parcs\/decouvrir-les-58-parcs\/parc-naturel-regional-des-monts-dardeche\"><\/a><\/li>\n\n\n\n<li><a href=\"https:\/\/www.parcs-naturels-regionaux.fr\/les-parcs\/decouvrir-les-58-parcs\/parc-naturel-regional-des-monts-dardeche\">Monts d&rsquo;Ard\u00e8che<\/a><a href=\"https:\/\/www.parcs-naturels-regionaux.fr\/les-parcs\/decouvrir-les-58-parcs\/parc-naturel-regional-du-morvan\"><\/a><\/li>\n\n\n\n<li><a href=\"https:\/\/www.parcs-naturels-regionaux.fr\/les-parcs\/decouvrir-les-58-parcs\/parc-naturel-regional-du-morvan\">Morvan<\/a><a href=\"https:\/\/www.parcs-naturels-regionaux.fr\/les-parcs\/decouvrir-les-58-parcs\/parc-naturel-regional-de-la-narbonnaise-en-mediterranee\"><\/a><\/li>\n\n\n\n<li><a href=\"https:\/\/www.parcs-naturels-regionaux.fr\/les-parcs\/decouvrir-les-58-parcs\/parc-naturel-regional-de-la-narbonnaise-en-mediterranee\">Narbonnaise en M\u00e9diterran\u00e9e<\/a><a href=\"https:\/\/www.parcs-naturels-regionaux.fr\/les-parcs\/decouvrir-les-59-parcs\/parc-naturel-regional-normandie-maine\"><\/a><\/li>\n\n\n\n<li><a href=\"https:\/\/www.parcs-naturels-regionaux.fr\/les-parcs\/decouvrir-les-59-parcs\/parc-naturel-regional-normandie-maine\">Normandie-Maine<\/a><a href=\"https:\/\/www.parcs-naturels-regionaux.fr\/les-parcs\/decouvrir-les-58-parcs\/parc-naturel-regional-oise-pays-de-france\"><\/a><\/li>\n\n\n\n<li><a href=\"https:\/\/www.parcs-naturels-regionaux.fr\/les-parcs\/decouvrir-les-58-parcs\/parc-naturel-regional-oise-pays-de-france\">Oise &#8211; Pays de France<\/a><a href=\"https:\/\/www.parcs-naturels-regionaux.fr\/les-parcs\/decouvrir-les-59-parcs\/parc-naturel-regional-du-perche\"><\/a><\/li>\n\n\n\n<li><a href=\"https:\/\/www.parcs-naturels-regionaux.fr\/les-parcs\/decouvrir-les-59-parcs\/parc-naturel-regional-du-perche\">Perche<\/a><a href=\"https:\/\/www.parcs-naturels-regionaux.fr\/les-parcs\/decouvrir-les-59-parcs\/parc-naturel-regional-perigord-limousin\"><\/a><\/li>\n\n\n\n<li><a href=\"https:\/\/www.parcs-naturels-regionaux.fr\/les-parcs\/decouvrir-les-59-parcs\/parc-naturel-regional-perigord-limousin\">P\u00e9rigord-Limousin<\/a><a href=\"https:\/\/www.parcs-naturels-regionaux.fr\/les-parcs\/decouvrir-les-58-parcs\/parc-naturel-regional-du-pilat\"><\/a><\/li>\n\n\n\n<li><a href=\"https:\/\/www.parcs-naturels-regionaux.fr\/les-parcs\/decouvrir-les-58-parcs\/parc-naturel-regional-du-pilat\">Pilat<\/a><a href=\"https:\/\/www.parcs-naturels-regionaux.fr\/les-parcs\/decouvrir-les-58-parcs\/parc-naturel-regional-des-prealpes-dazur\"><\/a><\/li>\n\n\n\n<li><a href=\"https:\/\/www.parcs-naturels-regionaux.fr\/les-parcs\/decouvrir-les-58-parcs\/parc-naturel-regional-des-prealpes-dazur\">Pr\u00e9alpes d&rsquo;Azur<\/a><a href=\"https:\/\/www.parcs-naturels-regionaux.fr\/les-parcs\/decouvrir-les-58-parcs\/parc-naturel-regional-des-pyrenees-ariegeoises\"><\/a><\/li>\n\n\n\n<li><a href=\"https:\/\/www.parcs-naturels-regionaux.fr\/les-parcs\/decouvrir-les-58-parcs\/parc-naturel-regional-des-pyrenees-ariegeoises\">Pyr\u00e9n\u00e9es Ari\u00e9geoises<\/a><a href=\"https:\/\/www.parcs-naturels-regionaux.fr\/les-parcs\/decouvrir-les-58-parcs\/parc-naturel-regional-des-pyrenees-catalanes\"><\/a><\/li>\n\n\n\n<li><a href=\"https:\/\/www.parcs-naturels-regionaux.fr\/les-parcs\/decouvrir-les-58-parcs\/parc-naturel-regional-des-pyrenees-catalanes\">Pyr\u00e9n\u00e9es catalanes<\/a><a href=\"https:\/\/www.parcs-naturels-regionaux.fr\/les-parcs\/decouvrir-les-58-parcs\/parc-naturel-regional-du-queyras\"><\/a><\/li>\n\n\n\n<li><a href=\"https:\/\/www.parcs-naturels-regionaux.fr\/les-parcs\/decouvrir-les-58-parcs\/parc-naturel-regional-du-queyras\">Queyras<\/a><a href=\"https:\/\/www.parcs-naturels-regionaux.fr\/les-parcs\/decouvrir-les-58-parcs\/parc-naturel-regional-de-la-sainte-baume\"><\/a><\/li>\n\n\n\n<li><a href=\"https:\/\/www.parcs-naturels-regionaux.fr\/les-parcs\/decouvrir-les-58-parcs\/parc-naturel-regional-de-la-sainte-baume\">Sainte-Baume<\/a><a href=\"https:\/\/www.parcs-naturels-regionaux.fr\/les-parcs\/decouvrir-les-58-parcs\/parc-naturel-regional-scarpe-escaut\"><\/a><\/li>\n\n\n\n<li><a href=\"https:\/\/www.parcs-naturels-regionaux.fr\/les-parcs\/decouvrir-les-58-parcs\/parc-naturel-regional-scarpe-escaut\">Scarpe-Escaut<\/a><a href=\"https:\/\/www.parcs-naturels-regionaux.fr\/les-parcs\/decouvrir-les-59-parcs\/parc-vallee-de-la-rance-cote-demeraude\"><\/a><\/li>\n\n\n\n<li><a href=\"https:\/\/www.parcs-naturels-regionaux.fr\/les-parcs\/decouvrir-les-59-parcs\/parc-vallee-de-la-rance-cote-demeraude\">Vall\u00e9e de la Rance &#8211; C\u00f4te d&rsquo;Emeraude<\/a><a href=\"https:\/\/www.parcs-naturels-regionaux.fr\/les-parcs\/decouvrir-les-58-parcs\/parc-naturel-regional-du-vercors\"><\/a><\/li>\n\n\n\n<li><a href=\"https:\/\/www.parcs-naturels-regionaux.fr\/les-parcs\/decouvrir-les-58-parcs\/parc-naturel-regional-du-vercors\">Vercors<\/a><a href=\"https:\/\/www.parcs-naturels-regionaux.fr\/les-parcs\/decouvrir-les-59-parcs\/parc-naturel-regional-du-verdon\"><\/a><\/li>\n\n\n\n<li><a href=\"https:\/\/www.parcs-naturels-regionaux.fr\/les-parcs\/decouvrir-les-59-parcs\/parc-naturel-regional-du-verdon\">Verdon<\/a><a href=\"https:\/\/www.parcs-naturels-regionaux.fr\/les-parcs\/decouvrir-les-59-parcs\/parc-naturel-regional-du-vexin-francais\"><\/a><\/li>\n\n\n\n<li><a href=\"https:\/\/www.parcs-naturels-regionaux.fr\/les-parcs\/decouvrir-les-59-parcs\/parc-naturel-regional-du-vexin-francais\">Vexin fran\u00e7ais<\/a><a href=\"https:\/\/www.parcs-naturels-regionaux.fr\/les-parcs\/decouvrir-les-58-parcs\/parc-naturel-regional-des-volcans-dauvergne\"><\/a><\/li>\n\n\n\n<li><a href=\"https:\/\/www.parcs-naturels-regionaux.fr\/les-parcs\/decouvrir-les-58-parcs\/parc-naturel-regional-des-volcans-dauvergne\">Volcans d&rsquo;Auvergne<\/a><a href=\"https:\/\/www.parcs-naturels-regionaux.fr\/les-parcs\/decouvrir-les-58-parcs\/parc-naturel-regional-des-vosges-du-nord\"><\/a><\/li>\n\n\n\n<li><a href=\"https:\/\/www.parcs-naturels-regionaux.fr\/les-parcs\/decouvrir-les-58-parcs\/parc-naturel-regional-des-vosges-du-nord\">Vosges du Nord<\/a><\/li>\n<\/ul>\n\n\n\n<p><\/p>\n","protected":false},"excerpt":{"rendered":"<p>Site Web de la f\u00e9d\u00e9ration des parcs r\u00e9gionaux<\/p>\n","protected":false},"author":4,"featured_media":0,"parent":0,"menu_order":0,"comment_status":"closed","ping_status":"closed","template":"","meta":{"footnotes":""},"class_list":["post-426","page","type-page","status-publish","hentry"],"_links":{"self":[{"href":"https:\/\/lesamisduparcdupilat.fr\/index.php\/wp-json\/wp\/v2\/pages\/426","targetHints":{"allow":["GET"]}}],"collection":[{"href":"https:\/\/lesamisduparcdupilat.fr\/index.php\/wp-json\/wp\/v2\/pages"}],"about":[{"href":"https:\/\/lesamisduparcdupilat.fr\/index.php\/wp-json\/wp\/v2\/types\/page"}],"author":[{"embeddable":true,"href":"https:\/\/lesamisduparcdupilat.fr\/index.php\/wp-json\/wp\/v2\/users\/4"}],"replies":[{"embeddable":true,"href":"https:\/\/lesamisduparcdupilat.fr\/index.php\/wp-json\/wp\/v2\/comments?post=426"}],"version-history":[{"count":3,"href":"https:\/\/lesamisduparcdupilat.fr\/index.php\/wp-json\/wp\/v2\/pages\/426\/revisions"}],"predecessor-version":[{"id":429,"href":"https:\/\/lesamisduparcdupilat.fr\/index.php\/wp-json\/wp\/v2\/pages\/426\/revisions\/429"}],"wp:attachment":[{"href":"https:\/\/lesamisduparcdupilat.fr\/index.php\/wp-json\/wp\/v2\/media?parent=426"}],"curies":[{"name":"wp","href":"https:\/\/api.w.org\/{rel}","templated":true}]}}