{"id":419,"date":"2025-12-06T10:07:18","date_gmt":"2025-12-06T10:07:18","guid":{"rendered":"https:\/\/lesamisduparcdupilat.fr\/?page_id=419"},"modified":"2025-12-06T11:23:44","modified_gmt":"2025-12-06T11:23:44","slug":"foret-du-pilat","status":"publish","type":"page","link":"https:\/\/lesamisduparcdupilat.fr\/index.php\/foret-du-pilat\/","title":{"rendered":"La For\u00eat du parc r\u00e9gional du Pilat"},"content":{"rendered":"\n<figure class=\"wp-block-embed is-type-video is-provider-youtube wp-block-embed-youtube wp-embed-aspect-16-9 wp-has-aspect-ratio\"><div class=\"wp-block-embed__wrapper\">\n<iframe loading=\"lazy\" title=\"Parc naturel r\u00e9gional du Pilat\" width=\"640\" height=\"360\" src=\"https:\/\/www.youtube.com\/embed\/mB_81sanP5Y?feature=oembed\" frameborder=\"0\" allow=\"accelerometer; autoplay; clipboard-write; encrypted-media; gyroscope; picture-in-picture; web-share\" referrerpolicy=\"strict-origin-when-cross-origin\" allowfullscreen><\/iframe>\n<\/div><\/figure>\n\n\n\n<p><a href=\"https:\/\/carto.parc-naturel-pilat.fr\/lizmap\/index.php\/view\/map?repository=01&amp;project=02_habitats\">Cartographie des habitats naturels du parc r\u00e9gional du Pilat<\/a><\/p>\n\n\n\n<ul class=\"wp-block-list\">\n<li><a href=\"http:\/\/Les for\u00eats anciennes   du Parc naturel r\u00e9gional   du Pilat\">Les for\u00eats anciennes du Parc naturel r\u00e9gional du Pilat<\/a><\/li>\n\n\n\n<li><a href=\"https:\/\/www.parc-naturel-pilat.fr\/wp-content\/uploads\/2024\/09\/ParcPilat_CarteForets_AnPilat22.pdf\">Cartographie des for\u00eats pr\u00e9sum\u00e9es anciennes dans le parc du Pilat<\/a><\/li>\n\n\n\n<li><a href=\"https:\/\/www.parc-naturel-pilat.fr\/wp-content\/uploads\/2024\/09\/ParcPilat_typologieMicro-hab_IBP22.pdf\">Typologie des Microhabitants<\/a><\/li>\n<\/ul>\n\n\n\n<p><\/p>\n","protected":false},"excerpt":{"rendered":"<p>Cartographie des habitats naturels du parc r\u00e9gional du Pilat<\/p>\n","protected":false},"author":4,"featured_media":0,"parent":0,"menu_order":0,"comment_status":"closed","ping_status":"closed","template":"","meta":{"footnotes":""},"class_list":["post-419","page","type-page","status-publish","hentry"],"_links":{"self":[{"href":"https:\/\/lesamisduparcdupilat.fr\/index.php\/wp-json\/wp\/v2\/pages\/419","targetHints":{"allow":["GET"]}}],"collection":[{"href":"https:\/\/lesamisduparcdupilat.fr\/index.php\/wp-json\/wp\/v2\/pages"}],"about":[{"href":"https:\/\/lesamisduparcdupilat.fr\/index.php\/wp-json\/wp\/v2\/types\/page"}],"author":[{"embeddable":true,"href":"https:\/\/lesamisduparcdupilat.fr\/index.php\/wp-json\/wp\/v2\/users\/4"}],"replies":[{"embeddable":true,"href":"https:\/\/lesamisduparcdupilat.fr\/index.php\/wp-json\/wp\/v2\/comments?post=419"}],"version-history":[{"count":4,"href":"https:\/\/lesamisduparcdupilat.fr\/index.php\/wp-json\/wp\/v2\/pages\/419\/revisions"}],"predecessor-version":[{"id":425,"href":"https:\/\/lesamisduparcdupilat.fr\/index.php\/wp-json\/wp\/v2\/pages\/419\/revisions\/425"}],"wp:attachment":[{"href":"https:\/\/lesamisduparcdupilat.fr\/index.php\/wp-json\/wp\/v2\/media?parent=419"}],"curies":[{"name":"wp","href":"https:\/\/api.w.org\/{rel}","templated":true}]}}