{"id":366,"date":"2025-12-05T20:47:39","date_gmt":"2025-12-05T20:47:39","guid":{"rendered":"https:\/\/lesamisduparcdupilat.fr\/?page_id=366"},"modified":"2025-12-08T21:51:50","modified_gmt":"2025-12-08T21:51:50","slug":"les-eoliennes-de-la-foret-de-taillard","status":"publish","type":"page","link":"https:\/\/lesamisduparcdupilat.fr\/index.php\/les-eoliennes-de-la-foret-de-taillard\/","title":{"rendered":"Parc \u00e9olien de la for\u00eat de Taillard"},"content":{"rendered":"\n<figure class=\"wp-block-image size-large\"><img loading=\"lazy\" decoding=\"async\" width=\"1024\" height=\"576\" src=\"https:\/\/lesamisduparcdupilat.fr\/wp-content\/uploads\/2025\/12\/initial-windmill-ge3ca3b523-1280-1024x576.jpg\" alt=\"\" class=\"wp-image-408\" srcset=\"https:\/\/lesamisduparcdupilat.fr\/wp-content\/uploads\/2025\/12\/initial-windmill-ge3ca3b523-1280-1024x576.jpg 1024w, https:\/\/lesamisduparcdupilat.fr\/wp-content\/uploads\/2025\/12\/initial-windmill-ge3ca3b523-1280-300x169.jpg 300w, https:\/\/lesamisduparcdupilat.fr\/wp-content\/uploads\/2025\/12\/initial-windmill-ge3ca3b523-1280-768x432.jpg 768w, https:\/\/lesamisduparcdupilat.fr\/wp-content\/uploads\/2025\/12\/initial-windmill-ge3ca3b523-1280.jpg 1280w\" sizes=\"auto, (max-width: 1024px) 100vw, 1024px\" \/><\/figure>\n\n\n\n<p><a href=\"https:\/\/energie-partagee.org\/projets\/les-ailes-de-taillard\/\">Le projet initial<\/a> &#8211; <a href=\"https:\/\/www.auvergne-rhone-alpes.developpement-durable.gouv.fr\/IMG\/pdf\/20240328-pres-heitzailestaillard.pdf\">R\u00e9sum\u00e9<\/a><\/p>\n\n\n\n<figure class=\"wp-block-embed is-type-video is-provider-youtube wp-block-embed-youtube wp-embed-aspect-16-9 wp-has-aspect-ratio\"><div class=\"wp-block-embed__wrapper\">\n<iframe loading=\"lazy\" title=\"Les Ailes du Taillard - Parc \u00e9olien participatif\" width=\"640\" height=\"360\" src=\"https:\/\/www.youtube.com\/embed\/aTDEoIPTogY?feature=oembed\" frameborder=\"0\" allow=\"accelerometer; autoplay; clipboard-write; encrypted-media; gyroscope; picture-in-picture; web-share\" referrerpolicy=\"strict-origin-when-cross-origin\" allowfullscreen><\/iframe>\n<\/div><\/figure>\n\n\n\n<figure class=\"wp-block-embed is-type-video is-provider-vimeo wp-block-embed-vimeo wp-embed-aspect-16-9 wp-has-aspect-ratio\"><div class=\"wp-block-embed__wrapper\">\n<iframe loading=\"lazy\" title=\"Les Ailes de Taillard - le clip\" src=\"https:\/\/player.vimeo.com\/video\/321439017?dnt=1&amp;app_id=122963\" width=\"640\" height=\"360\" frameborder=\"0\" allow=\"autoplay; fullscreen; picture-in-picture; clipboard-write; encrypted-media; web-share\" referrerpolicy=\"strict-origin-when-cross-origin\"><\/iframe>\n<\/div><\/figure>\n\n\n\n<p><a href=\"https:\/\/www.leprogres.fr\/d\/projet-d-implantation-d-eoliennes-en-foret-de-taillard-un-long-feuilleton-65048a24-0b53-4df4-ad04-d7cfcd90e10c\">Ensemble des articles du progr\u00e8s sur le projet<\/a> <\/p>\n\n\n\n<h2 class=\"wp-block-heading\">Les associations contre le projet : <\/h2>\n\n\n\n<p><a href=\"https:\/\/ventsetterritoires.blogspot.com\/2018\/04\/loire-eoliennes-de-taillard-dans-le.html\">Vents et Territoires<\/a> <\/p>\n\n\n\n<figure class=\"wp-block-embed is-type-video is-provider-youtube wp-block-embed-youtube wp-embed-aspect-16-9 wp-has-aspect-ratio\"><div class=\"wp-block-embed__wrapper\">\n<iframe loading=\"lazy\" title=\"Dangers e\u0301oliens sur la for\u00eat de Taillard\" width=\"640\" height=\"360\" src=\"https:\/\/www.youtube.com\/embed\/rXWxXkR-_gg?feature=oembed\" frameborder=\"0\" allow=\"accelerometer; autoplay; clipboard-write; encrypted-media; gyroscope; picture-in-picture; web-share\" referrerpolicy=\"strict-origin-when-cross-origin\" allowfullscreen><\/iframe>\n<\/div><\/figure>\n\n\n\n<p><a href=\"https:\/\/www.sitesetmonuments.org\/eolien-en-foret-de-taillard-pnr-du-pilat-l-intimidation-inedite-d-un-industriel-du-vent\">Sites et Monuments<\/a><\/p>\n\n\n\n<figure class=\"wp-block-image size-large\"><img loading=\"lazy\" decoding=\"async\" width=\"1024\" height=\"640\" src=\"https:\/\/lesamisduparcdupilat.fr\/wp-content\/uploads\/2025\/12\/AG-Burdignes-21-mai-2014.022-1500x938-1-1024x640.webp\" alt=\"\" class=\"wp-image-410\" srcset=\"https:\/\/lesamisduparcdupilat.fr\/wp-content\/uploads\/2025\/12\/AG-Burdignes-21-mai-2014.022-1500x938-1-1024x640.webp 1024w, https:\/\/lesamisduparcdupilat.fr\/wp-content\/uploads\/2025\/12\/AG-Burdignes-21-mai-2014.022-1500x938-1-300x188.webp 300w, https:\/\/lesamisduparcdupilat.fr\/wp-content\/uploads\/2025\/12\/AG-Burdignes-21-mai-2014.022-1500x938-1-768x480.webp 768w, https:\/\/lesamisduparcdupilat.fr\/wp-content\/uploads\/2025\/12\/AG-Burdignes-21-mai-2014.022-1500x938-1.webp 1500w\" sizes=\"auto, (max-width: 1024px) 100vw, 1024px\" \/><\/figure>\n\n\n\n<p>Articles<\/p>\n\n\n\n<p><a href=\"https:\/\/www.bing.com\/ck\/a?!&amp;&amp;p=03b43ea43f742f0c67d1eb3e26237767f729fe996e6fb661dafb300469cd8a18JmltdHM9MTc2NDk3OTIwMA&amp;ptn=3&amp;ver=2&amp;hsh=4&amp;fclid=01f3c240-5171-681b-14bf-d4fa5068699c&amp;u=a1aHR0cHM6Ly93d3cudGw3LmZyL2FjdHVhbGl0ZXMtbG9pcmUvYWN0dWFsaXRlL2FjdHVhbGl0ZV8xL2FpbGVzLWRlLXRhaWxsYXJkLWxlLWNoYW50aWVyLWR1LXBhcmMtZW9saWVuLWVuZmluLWxhbmNlXzEyMDQ2Lmh0bWw&amp;ntb=1\" target=\"_blank\" rel=\"noreferrer noopener\">Ailes de Taillard : le chantier du parc \u00e9olien enfin lanc\u00e9<\/a><\/p>\n\n\n\n<p>Article du progr\u00e8s du 25 D\u00e9cembre 2024<\/p>\n\n\n\n<figure class=\"wp-block-image size-large\"><img decoding=\"async\" src=\"https:\/\/lesamisduparcdupilat.fr\/wp-content\/uploads\/2025\/12\/20241225_0923582-scaled.jpg\" alt=\"\"\/><\/figure>\n","protected":false},"excerpt":{"rendered":"<p>Le projet initial &#8211; R\u00e9sum\u00e9 Ensemble des articles du progr\u00e8s sur le projet Les associations contre le projet : Vents et Territoires Sites et Monuments Articles Ailes de Taillard : le chantier du parc \u00e9olien enfin lanc\u00e9 Article du progr\u00e8s du 25 D\u00e9cembre 2024<\/p>\n","protected":false},"author":4,"featured_media":0,"parent":0,"menu_order":0,"comment_status":"closed","ping_status":"closed","template":"","meta":{"footnotes":""},"class_list":["post-366","page","type-page","status-publish","hentry"],"_links":{"self":[{"href":"https:\/\/lesamisduparcdupilat.fr\/index.php\/wp-json\/wp\/v2\/pages\/366","targetHints":{"allow":["GET"]}}],"collection":[{"href":"https:\/\/lesamisduparcdupilat.fr\/index.php\/wp-json\/wp\/v2\/pages"}],"about":[{"href":"https:\/\/lesamisduparcdupilat.fr\/index.php\/wp-json\/wp\/v2\/types\/page"}],"author":[{"embeddable":true,"href":"https:\/\/lesamisduparcdupilat.fr\/index.php\/wp-json\/wp\/v2\/users\/4"}],"replies":[{"embeddable":true,"href":"https:\/\/lesamisduparcdupilat.fr\/index.php\/wp-json\/wp\/v2\/comments?post=366"}],"version-history":[{"count":7,"href":"https:\/\/lesamisduparcdupilat.fr\/index.php\/wp-json\/wp\/v2\/pages\/366\/revisions"}],"predecessor-version":[{"id":438,"href":"https:\/\/lesamisduparcdupilat.fr\/index.php\/wp-json\/wp\/v2\/pages\/366\/revisions\/438"}],"wp:attachment":[{"href":"https:\/\/lesamisduparcdupilat.fr\/index.php\/wp-json\/wp\/v2\/media?parent=366"}],"curies":[{"name":"wp","href":"https:\/\/api.w.org\/{rel}","templated":true}]}}