{"id":364,"date":"2025-12-05T20:46:28","date_gmt":"2025-12-05T20:46:28","guid":{"rendered":"https:\/\/lesamisduparcdupilat.fr\/?page_id=364"},"modified":"2026-02-25T21:26:34","modified_gmt":"2026-02-25T21:26:34","slug":"la-carriere-de-saint-julien-molin-molette","status":"publish","type":"page","link":"https:\/\/lesamisduparcdupilat.fr\/index.php\/la-carriere-de-saint-julien-molin-molette\/","title":{"rendered":"la carri\u00e8re de Saint-julien-molin-molette"},"content":{"rendered":"\n<figure class=\"wp-block-image size-large\"><img loading=\"lazy\" decoding=\"async\" width=\"1024\" height=\"575\" src=\"https:\/\/lesamisduparcdupilat.fr\/wp-content\/uploads\/2025\/12\/5edf88239d158_dsc_1855-4515857-1024x575.jpg\" alt=\"\" class=\"wp-image-396\" srcset=\"https:\/\/lesamisduparcdupilat.fr\/wp-content\/uploads\/2025\/12\/5edf88239d158_dsc_1855-4515857-1024x575.jpg 1024w, https:\/\/lesamisduparcdupilat.fr\/wp-content\/uploads\/2025\/12\/5edf88239d158_dsc_1855-4515857-300x169.jpg 300w, https:\/\/lesamisduparcdupilat.fr\/wp-content\/uploads\/2025\/12\/5edf88239d158_dsc_1855-4515857-768x432.jpg 768w, https:\/\/lesamisduparcdupilat.fr\/wp-content\/uploads\/2025\/12\/5edf88239d158_dsc_1855-4515857-1536x863.jpg 1536w, https:\/\/lesamisduparcdupilat.fr\/wp-content\/uploads\/2025\/12\/5edf88239d158_dsc_1855-4515857-2048x1151.jpg 2048w\" sizes=\"auto, (max-width: 1024px) 100vw, 1024px\" \/><\/figure>\n\n\n\n<h2 class=\"wp-block-heading\">Projet d&rsquo;extension de la carri\u00e8re de Saint-Julien-Molin-Molette \/ Colombier<\/h2>\n\n\n\n<p><a href=\"https:\/\/www.delmonico-dorel.com\/wp-content\/uploads\/2023\/04\/Projet-presente-dossier-de-demande-dautorisation-Carriere-des-Gottes-2022-10-18-1.pdf\">Projet pr\u00e9sent\u00e9 \u2013 dossier de demande d\u2019autorisation \u2013 18\/10\/2022<\/a><\/p>\n\n\n\n<ul class=\"wp-block-list\">\n<li><a href=\"https:\/\/www.delmonico-dorel.com\/wp-content\/uploads\/2023\/04\/DDAE-Etude-paysagere-%E2%80%93-Carriere-des-Gottes.pdf\">DDAE Etude paysag\u00e8re<\/a> <br><a href=\"https:\/\/www.delmonico-dorel.com\/wp-content\/uploads\/2023\/04\/DDAE-Resume-non-technique-%E2%80%93-Carriere-des-Gottes.pdf\">DDAE R\u00e9sum\u00e9 non technique<\/a><br><a href=\"https:\/\/www.delmonico-dorel.com\/wp-content\/uploads\/2023\/04\/Volet-Naturel-dEtude-dImpact-%E2%80%93-Carriere-des-Gottes.pdf\">Volet Naturel d\u2019Etude d\u2019Impact<\/a> <\/li>\n\n\n\n<li><a href=\"https:\/\/www.delmonico-dorel.com\/wp-content\/uploads\/2023\/09\/2023-06-13-St-Julien-MM-Avis-MRAe.pdf\">Avis MRAe<\/a> <\/li>\n\n\n\n<li><a href=\"https:\/\/www.delmonico-dorel.com\/wp-content\/uploads\/2023\/09\/2023-09-18-Complements-dinformations-apportes-sur-le-projet-suite-a-lavis-MRAe.pdf\">Compl\u00e9ments d\u2019informations apport\u00e9s suite \u00e0 l\u2019avis de la MRAe<\/a> <\/li>\n\n\n\n<li><a href=\"https:\/\/www.delmonico-dorel.com\/wp-content\/uploads\/2023\/12\/CONCLUSIONS_-AVIS-CARRIERES-ST-JULIEN-1.pdf\">Avis du Commissaire Enqu\u00eateur \u2013 Enqu\u00eate Publique 2023<\/a><\/li>\n\n\n\n<li><a href=\"https:\/\/www.delmonico-dorel.com\/wp-content\/uploads\/2023\/04\/Synthe%CC%80se-de-la-de%CC%81marche-de-concertation-Carrie%CC%80re-des-Gottes-2022-10-18-1.pdf\">Synth\u00e8se de la d\u00e9marche de concertation  \u2013 18\/10\/2022<\/a><\/li>\n\n\n\n<li><a href=\"https:\/\/www.delmonico-dorel.com\/wp-content\/uploads\/2023\/05\/Suivi-annuel-%E2%80%93-Carriere-Gottes-%E2%80%93-Bilan-2022.pdf\">Suivi annuel \u2013 Bilan 2022<\/a><\/li>\n\n\n\n<li><a href=\"https:\/\/www.delmonico-dorel.com\/wp-content\/uploads\/2023\/04\/Suivi-ONF-bilan-actions-%E2%80%93-Carrie%CC%80re-des-Gottes-%E2%80%93-Bilan-2022.pdf\">Suivi ONF bilan actions  \u2013 Bilan 2022<\/a><\/li>\n\n\n\n<li><a href=\"https:\/\/www.delmonico-dorel.com\/wp-content\/uploads\/2023\/04\/Suivis-naturalistes-LPO-%E2%80%93-Carrie%CC%80re-des-Gottes-%E2%80%93-Bilan-2022.pdf\">Suivis naturalistes LPO \u2013 Bilan 2022<\/a><\/li>\n\n\n\n<li><a href=\"https:\/\/www.delmonico-dorel.com\/wp-content\/uploads\/2023\/07\/Commission-de-Suivi-de-Site-Carriere-des-Gottes-Compte-Rendu-2022.pdf\">Commission de Suivi de Site  \u2013 Compte Rendu 2022<\/a><\/li>\n\n\n\n<li><a href=\"https:\/\/www.delmonico-dorel.com\/wp-content\/uploads\/2023\/04\/Partage-dinformations-concernant-la-concertation-Carrie%CC%80re-Gottes-2022-07-18.pdf\">Partage d\u2019informations  \u2013 18\/07\/2022<\/a><\/li>\n<\/ul>\n\n\n\n<p><a href=\"https:\/\/www.loire.gouv.fr\/contenu\/telechargement\/21629\/158656\/file\/Pr%C3%A9sentation%20exploitant%20CSS%202025.pdf\">Compte rendu de la commission de suivi des carri\u00e8res des gottes &#8211; 21 novembre 2025 <\/a><\/p>\n\n\n\n<p><a href=\"https:\/\/lesamisduparcdupilat.fr\/index.php\/2026\/02\/25\/commission-de-suivi-de-site-delmonico-dorel-carrieres-du-21-novembre-2025\/\" type=\"link\" id=\"https:\/\/lesamisduparcdupilat.fr\/index.php\/2026\/02\/25\/commission-de-suivi-de-site-delmonico-dorel-carrieres-du-21-novembre-2025\/\">Commission de Suivi de Site \u2013 Compte Rendu 21 novembre 2025<\/a><\/p>\n\n\n\n<h2 class=\"wp-block-heading\">Association contre le projet de l&rsquo;extension de la carri\u00e8re<\/h2>\n\n\n\n<p><a href=\"https:\/\/stopcarriere.noblogs.org\/\">Collectif St-Julien-Molin-Molette contre l&rsquo;extension de la carri\u00e8re<\/a><\/p>\n\n\n\n<p><a href=\"https:\/\/lesamisduparcdupilat.fr\/wp-content\/uploads\/2025\/12\/Communication-04032022-JMa.pdf\">Lettre de Jean Mazzoni<\/a><\/p>\n\n\n\n<h2 class=\"wp-block-heading\"><strong>Articles<\/strong> :<\/h2>\n\n\n\n<p><a href=\"https:\/\/france3-regions.franceinfo.fr\/auvergne-rhone-alpes\/loire\/fin-carriere-saint-julien-molin-molette-riverains-appellent-aux-dons-afin-poursuivre-combat-judiciaire-1749449.html\">Carri\u00e8re de la col\u00e8re \u00e0 Saint-Julien-Molin-Molette : nouvelle mobilisation en vue<\/a> (France-info 2018)<\/p>\n\n\n\n<p><a href=\"https:\/\/france3-regions.franceinfo.fr\/auvergne-rhone-alpes\/loire\/fin-carriere-saint-julien-molin-molette-riverains-appellent-aux-dons-afin-poursuivre-combat-judiciaire-1749449.html\">Fin de carri\u00e8re \u00e0 Saint-Julien-Molin-Molette ? Les riverains appellent aux dons afin de poursuivre le combat judiciaire<\/a> (France-info 2019)<\/p>\n\n\n\n<p><a href=\"https:\/\/www.revuesilence.net\/numeros\/476-Decroissance-ou-en-est-on\/vous-ne-casserez-pas-resistances-villageoises-aux-extensions-de-carriere\">Vous ne casserez pas<small>&nbsp;<\/small>! R\u00e9sistances villageoises aux extensions de carri\u00e8re<\/a> (Revue Silence 2019)<\/p>\n\n\n\n<p><a href=\"https:\/\/france3-regions.franceinfo.fr\/auvergne-rhone-alpes\/loire\/victoire-des-opposants-de-la-carrieres-des-gottes-a-saint-julien-molin-molette-le-tribunal-annule-l-arrete-d-exploitation-2479864.html\">Victoire des opposants de la carri\u00e8re des Gottes, \u00e0 Saint-Julien-Molin-Molette : le tribunal annule l\u2019arr\u00eat\u00e9 d\u2019exploitation<\/a> (France-info 2022)<br><br><a href=\"https:\/\/lesamisduparcdupilat.fr\/wp-content\/uploads\/2025\/12\/Carriere-St-Julien-MMM-1-1.pdf\">Article le progr\u00e8s du 10 d\u00e9cembre 2022<\/a><\/p>\n\n\n\n<p><\/p>\n\n\n\n<p><\/p>\n","protected":false},"excerpt":{"rendered":"<p>Projet d&rsquo;extension de la carri\u00e8re de Saint-Julien-Molin-Molette \/ Colombier Projet pr\u00e9sent\u00e9 \u2013 dossier de demande d\u2019autorisation \u2013 18\/10\/2022 Compte rendu de la commission de suivi des carri\u00e8res des gottes &#8211; 21 novembre 2025 Commission de Suivi de Site \u2013 Compte Rendu 21 novembre 2025 Association contre le projet de l&rsquo;extension de la carri\u00e8re Collectif St-Julien-Molin-Molette contre l&rsquo;extension de la carri\u00e8re [&hellip;]<\/p>\n","protected":false},"author":4,"featured_media":0,"parent":0,"menu_order":0,"comment_status":"closed","ping_status":"closed","template":"","meta":{"footnotes":""},"class_list":["post-364","page","type-page","status-publish","hentry"],"_links":{"self":[{"href":"https:\/\/lesamisduparcdupilat.fr\/index.php\/wp-json\/wp\/v2\/pages\/364","targetHints":{"allow":["GET"]}}],"collection":[{"href":"https:\/\/lesamisduparcdupilat.fr\/index.php\/wp-json\/wp\/v2\/pages"}],"about":[{"href":"https:\/\/lesamisduparcdupilat.fr\/index.php\/wp-json\/wp\/v2\/types\/page"}],"author":[{"embeddable":true,"href":"https:\/\/lesamisduparcdupilat.fr\/index.php\/wp-json\/wp\/v2\/users\/4"}],"replies":[{"embeddable":true,"href":"https:\/\/lesamisduparcdupilat.fr\/index.php\/wp-json\/wp\/v2\/comments?post=364"}],"version-history":[{"count":14,"href":"https:\/\/lesamisduparcdupilat.fr\/index.php\/wp-json\/wp\/v2\/pages\/364\/revisions"}],"predecessor-version":[{"id":533,"href":"https:\/\/lesamisduparcdupilat.fr\/index.php\/wp-json\/wp\/v2\/pages\/364\/revisions\/533"}],"wp:attachment":[{"href":"https:\/\/lesamisduparcdupilat.fr\/index.php\/wp-json\/wp\/v2\/media?parent=364"}],"curies":[{"name":"wp","href":"https:\/\/api.w.org\/{rel}","templated":true}]}}