{"id":28,"date":"2025-07-24T07:48:28","date_gmt":"2025-07-24T07:48:28","guid":{"rendered":"https:\/\/lesamisduparcdupilat.fr\/?page_id=28"},"modified":"2025-10-25T08:24:47","modified_gmt":"2025-10-25T08:24:47","slug":"nos-partenaires","status":"publish","type":"page","link":"https:\/\/lesamisduparcdupilat.fr\/index.php\/nos-partenaires\/","title":{"rendered":"Nos partenaires"},"content":{"rendered":"\n<div class=\"wp-block-columns is-layout-flex wp-container-core-columns-is-layout-9d6595d7 wp-block-columns-is-layout-flex\">\n<div class=\"wp-block-column is-layout-flow wp-block-column-is-layout-flow\" style=\"flex-basis:90%\">\n<div class=\"wp-block-group\"><div class=\"wp-block-group__inner-container is-layout-constrained wp-block-group-is-layout-constrained\"><div class=\"wp-block-image\">\n<figure class=\"alignleft size-full\"><a href=\"https:\/\/www.despierresetdeshommes.fr\/\"><img decoding=\"async\" src=\"https:\/\/lesamisduparcdupilat.fr\/wp-content\/uploads\/2025\/10\/logodpdh_216_216.png\" alt=\"\" class=\"wp-image-108\"\/><\/a><\/figure>\n<\/div>\n\n\n<p class=\"has-small-font-size\"><a href=\"https:\/\/www.despierresetdeshommes.fr\/\">Association des pierres et des hommes<\/a> <\/p>\n<\/div><\/div>\n<\/div>\n\n\n\n<div class=\"wp-block-column is-layout-flow wp-block-column-is-layout-flow\" style=\"flex-basis:90%\">\n<div class=\"wp-block-group\"><div class=\"wp-block-group__inner-container is-layout-constrained wp-block-group-is-layout-constrained\"><div class=\"wp-block-image\">\n<figure class=\"alignleft size-large\"><a href=\"https:\/\/robindubois.org\/\"><img decoding=\"async\" src=\"https:\/\/lesamisduparcdupilat.fr\/wp-content\/uploads\/2025\/10\/Logo_Robindubois_RVB-e1759607559141.png\" alt=\"\"\/><\/a><\/figure>\n<\/div>\n\n\n<p class=\"has-small-font-size\"><a href=\"https:\/\/robindubois.org\/\">Association Robin du bois<\/a><\/p>\n<\/div><\/div>\n<\/div>\n<\/div>\n\n\n\n<div class=\"wp-block-columns is-layout-flex wp-container-core-columns-is-layout-9d6595d7 wp-block-columns-is-layout-flex\">\n<div class=\"wp-block-column is-layout-flow wp-block-column-is-layout-flow\" style=\"flex-basis:33.33%\"><div class=\"wp-block-image\">\n<figure class=\"alignleft size-large\"><a href=\"http:\/\/visagesdenotrepilat.com\/julie\/index.php\"><img decoding=\"async\" src=\"https:\/\/lesamisduparcdupilat.fr\/wp-content\/uploads\/2025\/10\/Logo_visages_pilat-e1759608005746.jpg\" alt=\"\"\/><\/a><\/figure>\n<\/div><\/div>\n\n\n\n<div class=\"wp-block-column is-layout-flow wp-block-column-is-layout-flow\" style=\"flex-basis:33.33%\">\n<p class=\"has-small-font-size\"><a href=\"http:\/\/visagesdenotrepilat.com\/julie\/index.php\">Visages de notre Pilat<\/a><\/p>\n<\/div>\n<\/div>\n\n\n\n<div class=\"wp-block-group\"><div class=\"wp-block-group__inner-container is-layout-constrained wp-block-group-is-layout-constrained\">\n<div class=\"wp-block-columns is-layout-flex wp-container-core-columns-is-layout-9d6595d7 wp-block-columns-is-layout-flex\">\n<div class=\"wp-block-column is-layout-flow wp-block-column-is-layout-flow\" style=\"flex-basis:50%\"><div class=\"wp-block-image\">\n<figure class=\"alignleft size-large\"><a href=\"https:\/\/paturagesdumassifcentral.fr\/paturen-pilat\/\"><img decoding=\"async\" src=\"https:\/\/lesamisduparcdupilat.fr\/wp-content\/uploads\/2025\/10\/86970412_2656050674518385_4229171455041994752_n-e1759611246855.jpg\" alt=\"\"\/><\/a><\/figure>\n<\/div><\/div>\n\n\n\n<div class=\"wp-block-column is-layout-flow wp-block-column-is-layout-flow\" style=\"flex-basis:50%\">\n<p><a href=\"https:\/\/paturagesdumassifcentral.fr\/paturen-pilat\/\" target=\"_blank\" rel=\"noreferrer noopener\">Association PATUR&rsquo;EN PILAT<\/a><br><\/p>\n<\/div>\n<\/div>\n<\/div><\/div>\n\n\n\n<p><\/p>\n\n\n\n<figure class=\"wp-block-image size-full\"><a href=\"https:\/\/www.cpiedupilat.fr\/\"><img loading=\"lazy\" decoding=\"async\" width=\"400\" height=\"200\" src=\"https:\/\/lesamisduparcdupilat.fr\/wp-content\/uploads\/2025\/10\/logo_cpie_pilat.png\" alt=\"\" class=\"wp-image-269\" srcset=\"https:\/\/lesamisduparcdupilat.fr\/wp-content\/uploads\/2025\/10\/logo_cpie_pilat.png 400w, https:\/\/lesamisduparcdupilat.fr\/wp-content\/uploads\/2025\/10\/logo_cpie_pilat-300x150.png 300w\" sizes=\"auto, (max-width: 400px) 100vw, 400px\" \/><\/a><\/figure>\n\n\n\n<p><\/p>\n\n\n\n<p class=\"has-text-align-right\"><\/p>\n\n\n\n<p><\/p>\n\n\n\n<p><\/p>\n\n\n\n<p><\/p>\n\n\n\n<p><strong>PATRIMOINE<\/strong><\/p>\n\n\n\n<div class=\"wp-block-columns is-layout-flex wp-container-core-columns-is-layout-9d6595d7 wp-block-columns-is-layout-flex\">\n<div class=\"wp-block-column is-layout-flow wp-block-column-is-layout-flow\" style=\"flex-basis:25%\"><div class=\"wp-block-image\">\n<figure class=\"alignleft size-large\"><a href=\"http:\/\/www.maison-passementerie.info\/\"><img decoding=\"async\" src=\"https:\/\/lesamisduparcdupilat.fr\/wp-content\/uploads\/2025\/10\/teaserbox_26042265-e1759604904240.jpg\" alt=\"\"\/><\/a><\/figure>\n<\/div><\/div>\n\n\n\n<div class=\"wp-block-column is-layout-flow wp-block-column-is-layout-flow\" style=\"flex-basis:25%\">\n<p><a href=\"http:\/\/www.maison-passementerie.info\/\">Mus\u00e9e de la PASSEMENTERIE &#8211; Jonzieux<\/a><\/p>\n<\/div>\n\n\n\n<div class=\"wp-block-column is-layout-flow wp-block-column-is-layout-flow\" style=\"flex-basis:25%\">\n<p>Mus\u00e9e de la passementerie, 5 rue des passementiers 42660&nbsp;JONZIEUX<\/p>\n<\/div>\n\n\n\n<div class=\"wp-block-column is-layout-flow wp-block-column-is-layout-flow\" style=\"flex-basis:25%\">\n<p>T\u00e9l\u00e9phone : 04 77 39 93 38   Email :pmusee42@gmail.com<\/p>\n<\/div>\n<\/div>\n\n\n\n<p><\/p>\n\n\n\n<p class=\"has-medium-font-size\"><a href=\"https:\/\/studio-d5.maiouidansearts.com\/patrimoine\">L\u2019usine Perrier \/ Schmeltzle &#8211; Saint-julien-molin-molette<\/a><\/p>\n\n\n\n<p class=\"has-small-font-size\">( Visites sur demandes et r\u00e9servation \u00e0&nbsp;<a href=\"mailto:d5.studio.mm@gmail.com\" target=\"_blank\" rel=\"noreferrer noopener\">d5.studio.mm@gmail.com<\/a>)<\/p>\n\n\n\n<p><\/p>\n","protected":false},"excerpt":{"rendered":"<p>Association des pierres et des hommes Association Robin du bois Visages de notre Pilat Association PATUR&rsquo;EN PILAT PATRIMOINE Mus\u00e9e de la PASSEMENTERIE &#8211; Jonzieux Mus\u00e9e de la passementerie, 5 rue des passementiers 42660&nbsp;JONZIEUX T\u00e9l\u00e9phone : 04 77 39 93 38 Email :pmusee42@gmail.com L\u2019usine Perrier \/ Schmeltzle &#8211; Saint-julien-molin-molette ( Visites sur demandes et r\u00e9servation \u00e0&nbsp;d5.studio.mm@gmail.com)<\/p>\n","protected":false},"author":4,"featured_media":0,"parent":0,"menu_order":0,"comment_status":"closed","ping_status":"closed","template":"","meta":{"footnotes":""},"class_list":["post-28","page","type-page","status-publish","hentry"],"_links":{"self":[{"href":"https:\/\/lesamisduparcdupilat.fr\/index.php\/wp-json\/wp\/v2\/pages\/28","targetHints":{"allow":["GET"]}}],"collection":[{"href":"https:\/\/lesamisduparcdupilat.fr\/index.php\/wp-json\/wp\/v2\/pages"}],"about":[{"href":"https:\/\/lesamisduparcdupilat.fr\/index.php\/wp-json\/wp\/v2\/types\/page"}],"author":[{"embeddable":true,"href":"https:\/\/lesamisduparcdupilat.fr\/index.php\/wp-json\/wp\/v2\/users\/4"}],"replies":[{"embeddable":true,"href":"https:\/\/lesamisduparcdupilat.fr\/index.php\/wp-json\/wp\/v2\/comments?post=28"}],"version-history":[{"count":28,"href":"https:\/\/lesamisduparcdupilat.fr\/index.php\/wp-json\/wp\/v2\/pages\/28\/revisions"}],"predecessor-version":[{"id":280,"href":"https:\/\/lesamisduparcdupilat.fr\/index.php\/wp-json\/wp\/v2\/pages\/28\/revisions\/280"}],"wp:attachment":[{"href":"https:\/\/lesamisduparcdupilat.fr\/index.php\/wp-json\/wp\/v2\/media?parent=28"}],"curies":[{"name":"wp","href":"https:\/\/api.w.org\/{rel}","templated":true}]}}