{"id":26,"date":"2025-07-24T07:45:46","date_gmt":"2025-07-24T07:45:46","guid":{"rendered":"https:\/\/lesamisduparcdupilat.fr\/?page_id=26"},"modified":"2026-03-24T12:18:32","modified_gmt":"2026-03-24T12:18:32","slug":"lassociation","status":"publish","type":"page","link":"https:\/\/lesamisduparcdupilat.fr\/index.php\/lassociation\/","title":{"rendered":"L&rsquo;association"},"content":{"rendered":"\n<figure class=\"wp-block-image size-large\"><img loading=\"lazy\" decoding=\"async\" width=\"1018\" height=\"1024\" src=\"https:\/\/lesamisduparcdupilat.fr\/wp-content\/uploads\/2025\/10\/flyer-Amis-du-Parc_20221120-1018x1024.jpg\" alt=\"\" class=\"wp-image-213\" srcset=\"https:\/\/lesamisduparcdupilat.fr\/wp-content\/uploads\/2025\/10\/flyer-Amis-du-Parc_20221120-1018x1024.jpg 1018w, https:\/\/lesamisduparcdupilat.fr\/wp-content\/uploads\/2025\/10\/flyer-Amis-du-Parc_20221120-298x300.jpg 298w, https:\/\/lesamisduparcdupilat.fr\/wp-content\/uploads\/2025\/10\/flyer-Amis-du-Parc_20221120-150x150.jpg 150w, https:\/\/lesamisduparcdupilat.fr\/wp-content\/uploads\/2025\/10\/flyer-Amis-du-Parc_20221120-768x773.jpg 768w\" sizes=\"auto, (max-width: 1018px) 100vw, 1018px\" \/><\/figure>\n\n\n\n<p><a href=\"https:\/\/lesamisduparcdupilat.fr\/wp-content\/uploads\/2025\/10\/Statut-de-lassociation-2010.pdf\">Statut de l&rsquo;association<\/a><\/p>\n\n\n\n<h2 class=\"wp-block-heading\">Assembl\u00e9e G\u00e9n\u00e9rale<\/h2>\n\n\n\n<p><a href=\"https:\/\/lesamisduparcdupilat.fr\/wp-content\/uploads\/2025\/07\/CR-AG-2025-AMIS.pdf\">Compte-rendu AG du 29 Avril 2025<\/a><\/p>\n\n\n\n<h2 class=\"wp-block-heading\">Compte-rendu du conseil administration<\/h2>\n\n\n\n<ul class=\"wp-block-list\">\n<li><a href=\"https:\/\/lesamisduparcdupilat.fr\/index.php\/2025\/02\/15\/ca-amis-du-parc-30-janvier-2025\/\" target=\"_blank\" rel=\"noreferrer noopener\">CA Amis du Parc du 30 Janvier 2025 \u00e0 Roisey<\/a><\/li>\n\n\n\n<li><a href=\"https:\/\/lesamisduparcdupilat.fr\/index.php\/2025\/06\/17\/ca-amis-du-parc-du-10-juin-2025-a-jonzieux\/\" target=\"_blank\" rel=\"noreferrer noopener\">CA Amis du Parc du 10 juin 2025 \u00e0 Jonzieux<\/a><\/li>\n\n\n\n<li><a href=\"https:\/\/lesamisduparcdupilat.fr\/index.php\/2025\/10\/14\/ca-amis-du-parc-du-2-octobre-2025-a-st-julien-molin-molette\/\">CA Amis du Parc du 2 Octobre 2025 \u00e0 St Julien Molin Molette<\/a><\/li>\n\n\n\n<li><a href=\"https:\/\/lesamisduparcdupilat.fr\/index.php\/2025\/12\/16\/compte-rendu-ca-jeudi-4-decembre-2025\/\">CA Amis du Parc du 4 D\u00e9cembre 2025 \u00e0 St Genest-Malifaux<\/a><\/li>\n\n\n\n<li><a href=\"https:\/\/lesamisduparcdupilat.fr\/index.php\/2026\/02\/25\/compte-rendu-ca-jeudi-4-fevrier-2026\/\">CA Amis du Parc du 4 F\u00e9vrier 2026 au Bessat<\/a><\/li>\n\n\n\n<li><a href=\"https:\/\/lesamisduparcdupilat.fr\/wp-content\/uploads\/2026\/03\/CA-des-Amis-11-Mars-26.pdf\">CA Amis du Parc du 11 Mars 2026 en visio<\/a><\/li>\n<\/ul>\n\n\n\n<p><\/p>\n","protected":false},"excerpt":{"rendered":"<p>Statut de l&rsquo;association Assembl\u00e9e G\u00e9n\u00e9rale Compte-rendu AG du 29 Avril 2025 Compte-rendu du conseil administration<\/p>\n","protected":false},"author":1,"featured_media":0,"parent":0,"menu_order":0,"comment_status":"closed","ping_status":"closed","template":"","meta":{"footnotes":""},"class_list":["post-26","page","type-page","status-publish","hentry"],"_links":{"self":[{"href":"https:\/\/lesamisduparcdupilat.fr\/index.php\/wp-json\/wp\/v2\/pages\/26","targetHints":{"allow":["GET"]}}],"collection":[{"href":"https:\/\/lesamisduparcdupilat.fr\/index.php\/wp-json\/wp\/v2\/pages"}],"about":[{"href":"https:\/\/lesamisduparcdupilat.fr\/index.php\/wp-json\/wp\/v2\/types\/page"}],"author":[{"embeddable":true,"href":"https:\/\/lesamisduparcdupilat.fr\/index.php\/wp-json\/wp\/v2\/users\/1"}],"replies":[{"embeddable":true,"href":"https:\/\/lesamisduparcdupilat.fr\/index.php\/wp-json\/wp\/v2\/comments?post=26"}],"version-history":[{"count":13,"href":"https:\/\/lesamisduparcdupilat.fr\/index.php\/wp-json\/wp\/v2\/pages\/26\/revisions"}],"predecessor-version":[{"id":554,"href":"https:\/\/lesamisduparcdupilat.fr\/index.php\/wp-json\/wp\/v2\/pages\/26\/revisions\/554"}],"wp:attachment":[{"href":"https:\/\/lesamisduparcdupilat.fr\/index.php\/wp-json\/wp\/v2\/media?parent=26"}],"curies":[{"name":"wp","href":"https:\/\/api.w.org\/{rel}","templated":true}]}}