{"id":24,"date":"2025-07-24T07:44:50","date_gmt":"2025-07-24T07:44:50","guid":{"rendered":"https:\/\/lesamisduparcdupilat.fr\/?page_id=24"},"modified":"2025-10-14T20:36:40","modified_gmt":"2025-10-14T20:36:40","slug":"historique-du-parc","status":"publish","type":"page","link":"https:\/\/lesamisduparcdupilat.fr\/index.php\/historique-du-parc\/","title":{"rendered":"Historique du Parc"},"content":{"rendered":"\n<h2 class=\"wp-block-heading\">Annonce de la cr\u00e9ation du parc du Pilat<\/h2>\n\n\n\n<p>En vertu d&rsquo;un d\u00e9cret du 1er mars 1967, le mont du Pilat deviendra en 1974 un Parc naturel r\u00e9gional. S&rsquo;\u00e9tendant sur six cantons du d\u00e9partement de la Loire (soit 20 communes), il est le lieu de promenades dominicales des Lyonnais et des St\u00e9phanois qui s&rsquo;y rendent pour profiter de ses rivi\u00e8res et ses prairies.<\/p>\n\n\n\n<p>Date de diffusion :&nbsp;8 ao\u00fbt 1968<\/p>\n\n\n\n<p><a href=\"https:\/\/www.ina.fr\/ina-eclaire-actu\/video\/lxc9703130476\/annonce-de-la-creation-du-parc-du-pilat\" data-type=\"page\" data-id=\"86\" target=\"_blank\" rel=\"noreferrer noopener\">Vid\u00e9o de l&rsquo;annonce de la cr\u00e9ation du Parc naturel r\u00e9gional du Pilat (INA) &#8211; &nbsp;08.08.1968<\/a><\/p>\n\n\n\n<h2 class=\"wp-block-heading\">Les randonn\u00e9es p\u00e9destres dans le parc du Pilat<\/h2>\n\n\n\n<p>JT FR3 Rh\u00f4ne Alpes\u00a0&#8211;\u00a016.08.1978<\/p>\n\n\n\n<p>Reportage sur les randonn\u00e9es pedestres dans le parc r\u00e9gional du Pilat. Suivi d&rsquo;un groupe de randonneurs passionn\u00e9s et amoureux de la montagne quelque soit la temp\u00e9rature. Interview de Pierre MARQUEZ, guide des marcheurs, sur le mauvais temps. Interview d&rsquo;un des membres de l&rsquo;\u00e9quipe qui a d\u00e9j\u00e0 fait de nombreuses marches dans sa R\u00e9gion parisienne.<\/p>\n\n\n\n<p><a href=\"https:\/\/www.ina.fr\/ina-eclaire-actu\/video\/lxc01035771\/les-randonnees-pedestres-dans-le-parc-du-pilat\">Vid\u00e9o &#8211; Les randonn\u00e9es p\u00e9destres dans le parc du Pilat<\/a><\/p>\n\n\n\n<h2 class=\"wp-block-heading\">10\u00e8me anniversaire du parc r\u00e9gional du Pilat<\/h2>\n\n\n\n<p>JT FR3 Rh\u00f4ne Alpes\u00a0&#8211;\u00a017.09.1984<\/p>\n\n\n\n<p>Le parc r\u00e9gional du Pilat f\u00eate son 10\u00e8me anniversaire. S&rsquo;il est un exemple de gestion r\u00e9ussi, ce n&rsquo;est pas le cas de tous les parcs. Huguette BOUCHARDEAU, ministre de l&rsquo;environnement, souhaite que les activit\u00e9s en leur sein soient \u00e9quilibr\u00e9es : le respect de l&rsquo;environnement ne doit pas tuer l&rsquo;activit\u00e9 \u00e9conomique.<\/p>\n\n\n\n<p><a href=\"https:\/\/www.ina.fr\/ina-eclaire-actu\/video\/lxc00005485\/10eme-anniversaire-du-parc-regional-du-pilat\">Vid\u00e9o &#8211; 10\u00e8me anniversaire du parc r\u00e9gional du Pilat<\/a><\/p>\n\n\n\n<h2 class=\"wp-block-heading\">Le parc naturel r\u00e9gional du Pilat<\/h2>\n\n\n\n<p>Rh\u00f4ne Alpes Premi\u00e8re\u00a0&#8211;\u00a019.06.1997<\/p>\n\n\n\n<p>Le parc du Pilat est l&rsquo;un des plus petits parcs naturels r\u00e9gionaux. Il est situ\u00e9 \u00e0 proximit\u00e9 de Lyon et de Saint-Etienne. Plusieurs circuits permettent de d\u00e9couvrir ce site.Les interviews de Jean-Paul GUERIN, responsable du service tourisme et de Pascal ARNAUD, \u00e9co-guide du parc, nous permettent d&rsquo;appr\u00e9hender tous les avantages de ce parc.<\/p>\n\n\n\n<p><a href=\"https:\/\/www.ina.fr\/ina-eclaire-actu\/video\/lyc9706202057\/le-parc-naturel-regional-du-pilat\">Vid\u00e9o &#8211; Le parc naturel r\u00e9gional du Pilat<\/a><\/p>\n\n\n\n<h2 class=\"wp-block-heading\">L&rsquo;action des \u00e9co gardes dans le parc naturel r\u00e9gional du Pilat<\/h2>\n\n\n\n<p>JT Rh\u00f4ne Alpes soir\u00a0&#8211;\u00a028.07.2009<\/p>\n\n\n\n<p>Aux portes de Saint Etienne et Lyon, le parc naturel r\u00e9gional du Pilat est un paradis pour les amoureux de nature. Le parc propose des sentiers pour tous les go\u00fbts, du randonneur, au pratiquant du VTT et du cheval. Pour veiller sur les sentiers les \u00e9co gardes travaillent \u00e0 l&rsquo;entretien et au balisage. Nathana\u00ebl Arsac, technicien \u00e9cogarde, d\u00e9crit les t\u00e2ches des \u00e9cogardes pour maintenir le parc et ses chemins dans un \u00e9tat satisfaisant pour les randonneurs mais aussi pour le maintien de l&rsquo;\u00e9co syst\u00e8me du parc.<\/p>\n\n\n\n<p><a href=\"https:\/\/www.ina.fr\/ina-eclaire-actu\/video\/ly00001384110\/l-action-des-eco-gardes-dans-le-parc-naturel-regional-du-pilat\">Vid\u00e9o &#8211; L&rsquo;action des \u00e9co gardes dans le parc naturel r\u00e9gional du Pilat<\/a><\/p>\n\n\n\n<p><\/p>\n","protected":false},"excerpt":{"rendered":"<p>Annonce de la cr\u00e9ation du parc du Pilat En vertu d&rsquo;un d\u00e9cret du 1er mars 1967, le mont du Pilat deviendra en 1974 un Parc naturel r\u00e9gional. S&rsquo;\u00e9tendant sur six cantons du d\u00e9partement de la Loire (soit 20 communes), il est le lieu de promenades dominicales des Lyonnais et des St\u00e9phanois qui s&rsquo;y rendent pour profiter de ses rivi\u00e8res et [&hellip;]<\/p>\n","protected":false},"author":1,"featured_media":0,"parent":0,"menu_order":0,"comment_status":"closed","ping_status":"closed","template":"","meta":{"footnotes":""},"class_list":["post-24","page","type-page","status-publish","hentry"],"_links":{"self":[{"href":"https:\/\/lesamisduparcdupilat.fr\/index.php\/wp-json\/wp\/v2\/pages\/24","targetHints":{"allow":["GET"]}}],"collection":[{"href":"https:\/\/lesamisduparcdupilat.fr\/index.php\/wp-json\/wp\/v2\/pages"}],"about":[{"href":"https:\/\/lesamisduparcdupilat.fr\/index.php\/wp-json\/wp\/v2\/types\/page"}],"author":[{"embeddable":true,"href":"https:\/\/lesamisduparcdupilat.fr\/index.php\/wp-json\/wp\/v2\/users\/1"}],"replies":[{"embeddable":true,"href":"https:\/\/lesamisduparcdupilat.fr\/index.php\/wp-json\/wp\/v2\/comments?post=24"}],"version-history":[{"count":11,"href":"https:\/\/lesamisduparcdupilat.fr\/index.php\/wp-json\/wp\/v2\/pages\/24\/revisions"}],"predecessor-version":[{"id":192,"href":"https:\/\/lesamisduparcdupilat.fr\/index.php\/wp-json\/wp\/v2\/pages\/24\/revisions\/192"}],"wp:attachment":[{"href":"https:\/\/lesamisduparcdupilat.fr\/index.php\/wp-json\/wp\/v2\/media?parent=24"}],"curies":[{"name":"wp","href":"https:\/\/api.w.org\/{rel}","templated":true}]}}